{"id":94384,"date":"2024-11-09T07:21:14","date_gmt":"2024-11-09T07:21:14","guid":{"rendered":"https:\/\/esthetique.mpressagency.ca\/a-propos\/"},"modified":"2025-07-25T15:49:46","modified_gmt":"2025-07-25T15:49:46","slug":"a-propos","status":"publish","type":"page","link":"https:\/\/esthetiqueangeladuvillage.com\/fr\/a-propos\/","title":{"rendered":"\u00c0 propos"},"content":{"rendered":"\t\t<div data-elementor-type=\"wp-page\" data-elementor-id=\"94384\" class=\"elementor elementor-94384 elementor-66\">\n\t\t\t\t<div class=\"elementor-element elementor-element-0caa551 e-flex e-con-boxed text-reveal-no e-con e-parent\" data-id=\"0caa551\" data-element_type=\"container\" data-e-type=\"container\">\n\t\t\t\t\t<div class=\"e-con-inner\">\n\t\t<div class=\"elementor-element elementor-element-a053c32 e-con-full e-flex text-reveal-no e-con e-child\" data-id=\"a053c32\" data-element_type=\"container\" data-e-type=\"container\">\n\t\t\t\t<div class=\"elementor-element elementor-element-3faf08f elementor-widget elementor-widget-text-editor\" data-id=\"3faf08f\" data-element_type=\"widget\" data-e-type=\"widget\" data-widget_type=\"text-editor.default\">\n\t\t\t\t<div class=\"elementor-widget-container\">\n\t\t\t\t\t\t\t\t\t<p>D\u00e9couvrez un petit coin de paradis nich\u00e9 au c\u0153ur du village de Pointe-Claire.<\/p><p><strong>Esth\u00e9tique Angela du Village<\/strong>, situ\u00e9 au 338-B Lakeshore Road, offre des soins du corps et de la peau naturels sp\u00e9cialement con\u00e7us pour vous choyer et vous revitaliser.<\/p><p>Chez <strong>Esth\u00e9tique Angela du Village<\/strong>, nous croyons aux valeurs th\u00e9rapeutiques de nos traitements tout autant qu\u2019\u00e0 leurs bienfaits esth\u00e9tiques et \u00e0 leurs propri\u00e9t\u00e9s calmantes. Ces valeurs, au c\u0153ur de nos programmes, renforcent l\u2019efficacit\u00e9 de nos techniques de beaut\u00e9, de relaxation et de bien-\u00eatre.<\/p><p>L\u2019\u00e9quipe d\u00e9vou\u00e9e d\u2019esth\u00e9ticiennes et de th\u00e9rapeutes <strong>d\u2019Esth\u00e9tique Angela du Village<\/strong> fait toujours preuve d\u2019un professionnalisme exemplaire et d\u00e9montre le plus grand respect envers chaque personne. Qu\u2019il s\u2019agisse d\u2019un massage, d\u2019un soin du visage ou d\u2019une \u00e9pilation, chaque traitement prodigu\u00e9 par nos professionnelles promet de vous envelopper d\u2019une sensation de tranquillit\u00e9, de s\u00e9r\u00e9nit\u00e9 et de d\u00e9tente.<\/p><p>Inspir\u00e9e par un v\u00e9ritable amour de la vie, de la beaut\u00e9 et du bien-\u00eatre, <strong>Esth\u00e9tique Angela du Village<\/strong> offre une ambiance intime et relaxante Gr\u00e2ce \u00e0 ses meubles antiques, \u00e0 son agencement de couleurs apaisantes, \u00e0 son \u00e9clairage doux ainsi qu\u2019\u00e0 ses riches ar\u00f4mes et textures, Esth\u00e9tique Angela du Village <br>Vous enveloppe dans une atmosph\u00e8re chaleureuse et r\u00e9confortante.<\/p><p>\u00ab Offrez-vous ce moment pr\u00e9cieux, rien que pour vous. \u00bb<\/p>\t\t\t\t\t\t\t\t<\/div>\n\t\t\t\t<\/div>\n\t\t\t\t<\/div>\n\t\t<div class=\"elementor-element elementor-element-184d7f2 e-con-full e-flex text-reveal-no e-con e-child\" data-id=\"184d7f2\" data-element_type=\"container\" data-e-type=\"container\">\n\t\t\t\t<div class=\"elementor-element elementor-element-c44ab86 elementor-widget elementor-widget-image\" data-id=\"c44ab86\" data-element_type=\"widget\" data-e-type=\"widget\" data-widget_type=\"image.default\">\n\t\t\t\t<div class=\"elementor-widget-container\">\n\t\t\t\t\t\t\t\t\t\t\t\t\t\t\t<img fetchpriority=\"high\" decoding=\"async\" width=\"640\" height=\"640\" src=\"https:\/\/esthetiqueangeladuvillage.com\/wp-content\/uploads\/2025\/04\/teambythewater_sq.jpg\" class=\"attachment-full size-full wp-image-94383\" alt=\"\" srcset=\"https:\/\/esthetiqueangeladuvillage.com\/wp-content\/uploads\/2025\/04\/teambythewater_sq.jpg 640w, https:\/\/esthetiqueangeladuvillage.com\/wp-content\/uploads\/2025\/04\/teambythewater_sq-80x80.jpg 80w, https:\/\/esthetiqueangeladuvillage.com\/wp-content\/uploads\/2025\/04\/teambythewater_sq-300x300.jpg 300w, https:\/\/esthetiqueangeladuvillage.com\/wp-content\/uploads\/2025\/04\/teambythewater_sq-600x600.jpg 600w, https:\/\/esthetiqueangeladuvillage.com\/wp-content\/uploads\/2025\/04\/teambythewater_sq-100x100.jpg 100w\" sizes=\"(max-width: 640px) 100vw, 640px\" \/>\t\t\t\t\t\t\t\t\t\t\t\t\t\t\t<\/div>\n\t\t\t\t<\/div>\n\t\t\t\t<\/div>\n\t\t\t\t\t<\/div>\n\t\t\t\t<\/div>\n\t\t\t\t<\/div>\n\t\t","protected":false},"excerpt":{"rendered":"<p>D\u00e9couvrez un petit coin de paradis nich\u00e9 au c\u0153ur du village de Pointe-Claire. Esth\u00e9tique Angela du Village, situ\u00e9 au 338-B Lakeshore Road, offre des..<\/p>\n","protected":false},"author":1,"featured_media":0,"parent":0,"menu_order":0,"comment_status":"closed","ping_status":"closed","template":"","meta":{"footnotes":""},"class_list":["post-94384","page","type-page","status-publish","hentry"],"_links":{"self":[{"href":"https:\/\/esthetiqueangeladuvillage.com\/fr\/wp-json\/wp\/v2\/pages\/94384","targetHints":{"allow":["GET"]}}],"collection":[{"href":"https:\/\/esthetiqueangeladuvillage.com\/fr\/wp-json\/wp\/v2\/pages"}],"about":[{"href":"https:\/\/esthetiqueangeladuvillage.com\/fr\/wp-json\/wp\/v2\/types\/page"}],"author":[{"embeddable":true,"href":"https:\/\/esthetiqueangeladuvillage.com\/fr\/wp-json\/wp\/v2\/users\/1"}],"replies":[{"embeddable":true,"href":"https:\/\/esthetiqueangeladuvillage.com\/fr\/wp-json\/wp\/v2\/comments?post=94384"}],"version-history":[{"count":8,"href":"https:\/\/esthetiqueangeladuvillage.com\/fr\/wp-json\/wp\/v2\/pages\/94384\/revisions"}],"predecessor-version":[{"id":94638,"href":"https:\/\/esthetiqueangeladuvillage.com\/fr\/wp-json\/wp\/v2\/pages\/94384\/revisions\/94638"}],"wp:attachment":[{"href":"https:\/\/esthetiqueangeladuvillage.com\/fr\/wp-json\/wp\/v2\/media?parent=94384"}],"curies":[{"name":"wp","href":"https:\/\/api.w.org\/{rel}","templated":true}]}}