{"id":94522,"date":"2024-11-09T07:24:31","date_gmt":"2024-11-09T07:24:31","guid":{"rendered":"https:\/\/esthetique.mpressagency.ca\/contactez-nous\/"},"modified":"2025-06-30T13:45:28","modified_gmt":"2025-06-30T13:45:28","slug":"contactez-nous","status":"publish","type":"page","link":"https:\/\/esthetiqueangeladuvillage.com\/fr\/contactez-nous\/","title":{"rendered":"Contactez-nous"},"content":{"rendered":"\t\t<div data-elementor-type=\"wp-page\" data-elementor-id=\"94522\" class=\"elementor elementor-94522 elementor-78\">\n\t\t\t\t<div class=\"elementor-element elementor-element-07ec350 e-flex e-con-boxed text-reveal-no e-con e-parent\" data-id=\"07ec350\" data-element_type=\"container\" data-e-type=\"container\">\n\t\t\t\t\t<div class=\"e-con-inner\">\n\t\t<div class=\"elementor-element elementor-element-c0895ef e-con-full e-flex text-reveal-no e-con e-child\" data-id=\"c0895ef\" data-element_type=\"container\" data-e-type=\"container\">\n\t\t<div class=\"elementor-element elementor-element-eb1b354 e-con-full e-flex text-reveal-no e-con e-child\" data-id=\"eb1b354\" data-element_type=\"container\" data-e-type=\"container\">\n\t\t<div class=\"elementor-element elementor-element-3966353 e-con-full e-flex text-reveal-no e-con e-child\" data-id=\"3966353\" data-element_type=\"container\" data-e-type=\"container\" data-settings=\"{&quot;background_background&quot;:&quot;classic&quot;}\">\n\t\t<div class=\"elementor-element elementor-element-db89aed e-con-full e-flex text-reveal-no e-con e-child\" data-id=\"db89aed\" data-element_type=\"container\" data-e-type=\"container\">\n\t\t\t\t<div class=\"elementor-element elementor-element-5c83236 cea-view-default elementor-widget elementor-widget-ceafeaturebox\" data-id=\"5c83236\" data-element_type=\"widget\" data-e-type=\"widget\" data-widget_type=\"ceafeaturebox.default\">\n\t\t\t\t<div class=\"elementor-widget-container feature-box-wrapper feature-box-classic\">\n\t\t\t<div class=\"media\"><div class=\"media-icon-part align-self-center\"><div class=\"cea-featured-icon\"><i aria-hidden=\"true\" class=\"ti ti-location-pin\"><\/i><\/div><\/div><div class=\"media-body\"><h4 class=\"feature-box-title\">Adresse <\/h4><div class=\"fbox-content\">338-B Lakeshore Road, Pointe-Claire (Quebec) H9S 4L7<\/div><\/div><!-- .media-body --><\/div><!-- .media -->\t\t<\/div>\n\t\t\t\t<\/div>\n\t\t\t\t<\/div>\n\t\t<div class=\"elementor-element elementor-element-67ded6d e-con-full e-flex text-reveal-no e-con e-child\" data-id=\"67ded6d\" data-element_type=\"container\" data-e-type=\"container\">\n\t\t\t\t<div class=\"elementor-element elementor-element-37a3367 cea-view-stacked cea-shape-circle elementor-widget elementor-widget-ceafeaturebox\" data-id=\"37a3367\" data-element_type=\"widget\" data-e-type=\"widget\" data-widget_type=\"ceafeaturebox.default\">\n\t\t\t\t<div class=\"elementor-widget-container feature-box-wrapper feature-box-classic\">\n\t\t\t<div class=\"media\"><div class=\"media-icon-part align-self-center\"><div class=\"cea-featured-icon cea-elementor-animation\"><svg aria-hidden=\"true\" class=\"e-font-icon-svg e-far-address-book\" viewBox=\"0 0 448 512\" xmlns=\"http:\/\/www.w3.org\/2000\/svg\"><path d=\"M436 160c6.6 0 12-5.4 12-12v-40c0-6.6-5.4-12-12-12h-20V48c0-26.5-21.5-48-48-48H48C21.5 0 0 21.5 0 48v416c0 26.5 21.5 48 48 48h320c26.5 0 48-21.5 48-48v-48h20c6.6 0 12-5.4 12-12v-40c0-6.6-5.4-12-12-12h-20v-64h20c6.6 0 12-5.4 12-12v-40c0-6.6-5.4-12-12-12h-20v-64h20zm-68 304H48V48h320v416zM208 256c35.3 0 64-28.7 64-64s-28.7-64-64-64-64 28.7-64 64 28.7 64 64 64zm-89.6 128h179.2c12.4 0 22.4-8.6 22.4-19.2v-19.2c0-31.8-30.1-57.6-67.2-57.6-10.8 0-18.7 8-44.8 8-26.9 0-33.4-8-44.8-8-37.1 0-67.2 25.8-67.2 57.6v19.2c0 10.6 10 19.2 22.4 19.2z\"><\/path><\/svg><\/div><\/div><div class=\"media-body\"><h4 class=\"feature-box-title\">T\u00e9l\u00e9phone <\/h4><div class=\"fbox-content\"><a href=\"tel:+15146943388\">514-694-3388<\/a><\/div><\/div><!-- .media-body --><\/div><!-- .media -->\t\t<\/div>\n\t\t\t\t<\/div>\n\t\t\t\t<\/div>\n\t\t<div class=\"elementor-element elementor-element-da8e267 e-con-full e-flex text-reveal-no e-con e-child\" data-id=\"da8e267\" data-element_type=\"container\" data-e-type=\"container\">\n\t\t\t\t<div class=\"elementor-element elementor-element-028141c cea-view-default elementor-widget elementor-widget-ceafeaturebox\" data-id=\"028141c\" data-element_type=\"widget\" data-e-type=\"widget\" data-widget_type=\"ceafeaturebox.default\">\n\t\t\t\t<div class=\"elementor-widget-container feature-box-wrapper feature-box-classic\">\n\t\t\t<div class=\"media\"><div class=\"media-icon-part align-self-center\"><div class=\"cea-featured-icon\"><i aria-hidden=\"true\" class=\"ti ti-email\"><\/i><\/div><\/div><div class=\"media-body\"><h4 class=\"feature-box-title\">Courriel<\/h4><div class=\"fbox-content\"><a href=\"mailto:%20angeladuvillage94@gmail.com\">angeladuvillage94@gmail.com<\/a><\/div><\/div><!-- .media-body --><\/div><!-- .media -->\t\t<\/div>\n\t\t\t\t<\/div>\n\t\t\t\t<\/div>\n\t\t<div class=\"elementor-element elementor-element-f100261 e-con-full e-flex text-reveal-no e-con e-child\" data-id=\"f100261\" data-element_type=\"container\" data-e-type=\"container\">\n\t\t\t\t<div class=\"elementor-element elementor-element-ddd88d3 cea-view-default elementor-widget elementor-widget-ceafeaturebox\" data-id=\"ddd88d3\" data-element_type=\"widget\" data-e-type=\"widget\" data-widget_type=\"ceafeaturebox.default\">\n\t\t\t\t<div class=\"elementor-widget-container feature-box-wrapper feature-box-classic\">\n\t\t\t<div class=\"media\"><div class=\"media-icon-part\"><div class=\"cea-featured-icon\"><i aria-hidden=\"true\" class=\"ti ti-time\"><\/i><\/div><\/div><div class=\"media-body\"><h4 class=\"feature-box-title\">Horaire de travail<\/h4><div class=\"fbox-content\"><b>Esth\u00e9tique:<\/b><br>Lundi, Mercredi et Jeudi 9h30 \u2013 20h00<br>Mardi et Vendredi 9h30 \u2013 16h00<br>Samedi et Dimanche 9h00 \u2013 14h00<br><br><b>Massage:<\/b><br>Lundi \u2013 Vendredi: 9h00 \u2013 21h00<br>Samedi et Dimanche: 8h30 \u2013 14h00<\/div><\/div><!-- .media-body --><\/div><!-- .media -->\t\t<\/div>\n\t\t\t\t<\/div>\n\t\t\t\t<\/div>\n\t\t\t\t<\/div>\n\t\t\t\t<\/div>\n\t\t<div class=\"elementor-element elementor-element-5354e39 e-con-full e-flex text-reveal-no e-con e-child\" data-id=\"5354e39\" data-element_type=\"container\" data-e-type=\"container\" data-settings=\"{&quot;background_background&quot;:&quot;classic&quot;}\">\n\t\t\t\t<div class=\"elementor-element elementor-element-3d3dd0a elementor-widget elementor-widget-ceasectiontitle\" data-id=\"3d3dd0a\" data-element_type=\"widget\" data-e-type=\"widget\" data-widget_type=\"ceasectiontitle.default\">\n\t\t\t\t<div class=\"elementor-widget-container\">\n\t\t\t\t\t<div class=\"section-title-wrapper\"><div class=\"title-wrap\"><div class=\"sub-title\"><span class=\"subtitle-dots \" >Contactez-nous<\/span><\/div><h2 class=\"section-title none\" data-animation=\"none\">Prendre rendez-vous<\/h2><\/div><!-- .title-wrap --><div class=\"section-description\"><\/div><!-- .section-description --><\/div><!-- .section-title-wrapper -->\t\t\t\t<\/div>\n\t\t\t\t<\/div>\n\t\t\t\t<div class=\"elementor-element elementor-element-490e021 contact-us-form elementor-widget elementor-widget-contactform\" data-id=\"490e021\" data-element_type=\"widget\" data-e-type=\"widget\" data-widget_type=\"contactform.default\">\n\t\t\t\t<div class=\"elementor-widget-container\">\n\t\t\t\t\t<div class=\"contact-form-wrapper cf-style-default\"><div class=\"contact-form\">\n<div class=\"wpcf7 no-js\" id=\"wpcf7-f94521-o1\" lang=\"fr-FR\" dir=\"ltr\" data-wpcf7-id=\"94521\">\n<div class=\"screen-reader-response\"><p role=\"status\" aria-live=\"polite\" aria-atomic=\"true\"><\/p> <ul><\/ul><\/div>\n<form action=\"\/fr\/wp-json\/wp\/v2\/pages\/94522#wpcf7-f94521-o1\" method=\"post\" class=\"wpcf7-form init\" aria-label=\"Formulaire de contact\" novalidate=\"novalidate\" data-status=\"init\">\n<fieldset class=\"hidden-fields-container\"><input type=\"hidden\" name=\"_wpcf7\" value=\"94521\" \/><input type=\"hidden\" name=\"_wpcf7_version\" value=\"6.1.5\" \/><input type=\"hidden\" name=\"_wpcf7_locale\" value=\"fr_FR\" \/><input type=\"hidden\" name=\"_wpcf7_unit_tag\" value=\"wpcf7-f94521-o1\" \/><input type=\"hidden\" name=\"_wpcf7_container_post\" value=\"0\" \/><input type=\"hidden\" name=\"_wpcf7_posted_data_hash\" value=\"\" \/>\n<\/fieldset>\n<div class=\"row\">\n\t<div class=\"col-md-12\">\n\t\t<p><span class=\"wpcf7-form-control-wrap\" data-name=\"your-name\"><input size=\"40\" maxlength=\"400\" class=\"wpcf7-form-control wpcf7-text wpcf7-validates-as-required\" aria-required=\"true\" aria-invalid=\"false\" placeholder=\"Nom *\" value=\"\" type=\"text\" name=\"your-name\" \/><\/span>\n\t\t<\/p>\n\t<\/div>\n\t<div class=\"col-md-12\">\n\t\t<p><span class=\"wpcf7-form-control-wrap\" data-name=\"tel-977\"><input size=\"40\" maxlength=\"400\" class=\"wpcf7-form-control wpcf7-tel wpcf7-validates-as-required wpcf7-text wpcf7-validates-as-tel\" aria-required=\"true\" aria-invalid=\"false\" placeholder=\"T\u00e9l\u00e9phone *\" value=\"\" type=\"tel\" name=\"tel-977\" \/><\/span>\n\t\t<\/p>\n\t<\/div>\n\t<div class=\"col-md-12\">\n\t\t<p><span class=\"wpcf7-form-control-wrap\" data-name=\"your-email\"><input size=\"40\" maxlength=\"400\" class=\"wpcf7-form-control wpcf7-email wpcf7-validates-as-required wpcf7-text wpcf7-validates-as-email\" aria-required=\"true\" aria-invalid=\"false\" placeholder=\"Courriel *\" value=\"\" type=\"email\" name=\"your-email\" \/><\/span>\n\t\t<\/p>\n\t<\/div>\n\t<div class=\"col-md-12\">\n\t\t<p><span class=\"wpcf7-form-control-wrap\" data-name=\"your-message\"><textarea cols=\"40\" rows=\"10\" maxlength=\"2000\" class=\"wpcf7-form-control wpcf7-textarea\" aria-invalid=\"false\" placeholder=\"Message\" name=\"your-message\"><\/textarea><\/span>\n\t\t<\/p>\n\t<\/div>\n\t<div class=\"col-md-12\">\n\t<div class=\"wpcf7-turnstile cf-turnstile\" data-sitekey=\"0x4AAAAAABiqIEvQ2cRFnKvH\" data-response-field-name=\"_wpcf7_turnstile_response\"><\/div>\n\t<\/div>\n\t<div class=\"col-md-12\">\n\t\t<p><input class=\"wpcf7-form-control wpcf7-submit has-spinner\" type=\"submit\" value=\"Envoyer le message\" \/>\n\t\t<\/p>\n\t<\/div>\n<\/div><div class=\"wpcf7-response-output\" aria-hidden=\"true\"><\/div>\n<\/form>\n<\/div>\n<\/div><!-- .contact-form --><\/div><!-- .contact-form-wrapper -->\t\t\t\t<\/div>\n\t\t\t\t<\/div>\n\t\t\t\t<\/div>\n\t\t\t\t<\/div>\n\t\t\t\t\t<\/div>\n\t\t\t\t<\/div>\n\t\t<div class=\"elementor-element elementor-element-8d67c4f e-con-full e-flex text-reveal-no e-con e-parent\" data-id=\"8d67c4f\" data-element_type=\"container\" data-e-type=\"container\">\n\t\t\t\t<div class=\"elementor-element elementor-element-de5a6e0 elementor-widget elementor-widget-html\" data-id=\"de5a6e0\" data-element_type=\"widget\" data-e-type=\"widget\" data-widget_type=\"html.default\">\n\t\t\t\t<div class=\"elementor-widget-container\">\n\t\t\t\t\t<iframe src=\"https:\/\/www.google.com\/maps\/embed?pb=!1m14!1m8!1m3!1d22400.380322804496!2d-73.828264!3d45.428543!3m2!1i1024!2i768!4f13.1!3m3!1m2!1s0x4cc93e9b727b44bf%3A0xf90dfa00cf3f483!2sEsth%C3%A9tique%20Angela%20du%20Village!5e0!3m2!1sen!2ssv!4v1745338457433!5m2!1sen!2ssv\" width=\"100%\" height=\"500\" style=\"border:0;\" allowfullscreen=\"\" loading=\"lazy\" referrerpolicy=\"no-referrer-when-downgrade\"><\/iframe>\t\t\t\t<\/div>\n\t\t\t\t<\/div>\n\t\t\t\t<\/div>\n\t\t\t\t<\/div>\n\t\t","protected":false},"excerpt":{"rendered":"<p>Adresse 338-B Lakeshore Road, Pointe-Claire (Quebec) H9S 4L7 T\u00e9l\u00e9phone 514-694-3388 Courriel angeladuvillage94@gmail.com Horaire de travail Esth\u00e9tique:Lundi, Mercredi et Jeudi 9h30 \u2013 20h00Mardi et Vendredi..<\/p>\n","protected":false},"author":1,"featured_media":0,"parent":0,"menu_order":0,"comment_status":"closed","ping_status":"closed","template":"","meta":{"footnotes":""},"class_list":["post-94522","page","type-page","status-publish","hentry"],"_links":{"self":[{"href":"https:\/\/esthetiqueangeladuvillage.com\/fr\/wp-json\/wp\/v2\/pages\/94522","targetHints":{"allow":["GET"]}}],"collection":[{"href":"https:\/\/esthetiqueangeladuvillage.com\/fr\/wp-json\/wp\/v2\/pages"}],"about":[{"href":"https:\/\/esthetiqueangeladuvillage.com\/fr\/wp-json\/wp\/v2\/types\/page"}],"author":[{"embeddable":true,"href":"https:\/\/esthetiqueangeladuvillage.com\/fr\/wp-json\/wp\/v2\/users\/1"}],"replies":[{"embeddable":true,"href":"https:\/\/esthetiqueangeladuvillage.com\/fr\/wp-json\/wp\/v2\/comments?post=94522"}],"version-history":[{"count":6,"href":"https:\/\/esthetiqueangeladuvillage.com\/fr\/wp-json\/wp\/v2\/pages\/94522\/revisions"}],"predecessor-version":[{"id":94631,"href":"https:\/\/esthetiqueangeladuvillage.com\/fr\/wp-json\/wp\/v2\/pages\/94522\/revisions\/94631"}],"wp:attachment":[{"href":"https:\/\/esthetiqueangeladuvillage.com\/fr\/wp-json\/wp\/v2\/media?parent=94522"}],"curies":[{"name":"wp","href":"https:\/\/api.w.org\/{rel}","templated":true}]}}